{"id":957,"date":"2023-10-16T16:37:56","date_gmt":"2023-10-16T14:37:56","guid":{"rendered":"http:\/\/naken.it\/?page_id=957"},"modified":"2023-10-16T17:20:37","modified_gmt":"2023-10-16T15:20:37","slug":"doda-inte-gladjen-i-mellbystrand","status":"publish","type":"page","link":"https:\/\/naken.it\/index.php\/texter\/doda-inte-gladjen-i-mellbystrand\/","title":{"rendered":"D\u00f6da inte gl\u00e4djen i Mellbystrand"},"content":{"rendered":"<p><span style=\"color: #ffa85c; font-size: medium;\"><img loading=\"lazy\" decoding=\"async\" src=\"https:\/\/i0.wp.com\/naken.it\/wp-content\/uploads\/2023\/10\/expressen_mellbystrand_584.jpg?resize=584%2C486\" alt=\"\" width=\"584\" height=\"486\" data-recalc-dims=\"1\" \/><\/span><\/p>\n<p><strong><span style=\"color: #ffa85c; font-size: medium;\">Att ha sex p\u00e5 stranden \u00e4r underbart. Men f\u00f6r att ingen ska k\u00e4nna sig kr\u00e4nkt b\u00f6r det ske p\u00e5 speciella str\u00e4nder.<\/span><\/strong><\/p>\n<p><span style=\"color: #ffa85c; font-size: medium;\"><strong>Det skriver i dag sexpedagogen JENNIE REHBINDER med anledning av h\u00e4ndelserna i Mellbystrand.<\/strong><\/span><\/p>\n<p><span style=\"color: #ffa85c; font-size: medium;\"><strong>Hon anser ocks\u00e5 att de som inte vill att naturismen ska sammankopplas med sex \u00e4r naiva \u2013 offentlig nakenhet och sexualitet h\u00f6r ihop. <\/strong><\/span><\/p>\n<p><span style=\"color: #ffa85c; font-size: medium;\"><strong>Publicerad i Expressen i juni 2006.<\/strong> <\/span><\/p>\n<p><img loading=\"lazy\" decoding=\"async\" src=\"https:\/\/i0.wp.com\/naken.it\/wp-content\/uploads\/2023\/10\/smalldotline_584.jpg?resize=584%2C27\" alt=\"\" width=\"584\" height=\"27\" data-recalc-dims=\"1\" \/><\/p>\n<p><span style=\"color: #ffa85c; font-size: medium;\"><strong>Sex \u00e4r sk\u00f6nt. Att vara i naturen \u00e4r livgivande.<\/strong> Att ha sex i naturen \u00e4r underbart! Att fler har sex ute i naturen, och har sex med flera, och oftare \u2013 betyder helt enkelt att fler vill ha sex, vill ha det oftare och ute i naturen! Det \u00e4r inte onormalt, inte onaturligt, inte sjukligt, inte missbrukande \u2013 det \u00e4r bara sex, ute i naturen. Det som beskrivs i pressen just nu om sexlekarna p\u00e5 Mellbystrand bygger dessutom, vad jag f\u00f6rst\u00e5r, helt p\u00e5 \u00f6verenskommelser mellan varje person som \u00e4r inblandad. Om de skyddar sig eller inte \u00e4r helt deras eget ansvar. De \u00e4r vuxna m\u00e4nniskor! <\/span><\/p>\n<p><span style=\"color: #ffa85c; font-size: medium;\"><strong>Sex \u00e4r naturligt och v\u00e4ldigt viktigt,<\/strong> det kan de flesta h\u00e5lla med om. Vi skulle inte finnas till annars. Varf\u00f6r ska det vara s\u00e5 himla uppr\u00f6rande att uppt\u00e4cka att n\u00e5gon annan har andra behov eller \u00f6nskningar \u00e4n man sj\u00e4lv har? Att vilja ha sex n\u00e4r andra ser p\u00e5 betyder inte automatiskt att man \u00e4r en sexmissbrukare. Det kan tv\u00e4rtom komma utifr\u00e5n en sund k\u00e4nsla av att vilja k\u00e4nna frihet, enhet och gr\u00e4nsl\u00f6shet, p\u00e5 alla niv\u00e5er \u2013 fysiskt, k\u00e4nslom\u00e4ssigt, mentalt och sj\u00e4lsligt. Det kan komma utifr\u00e5n en \u00f6nskan att spr\u00e4nga sina egna gr\u00e4nser och v\u00e4xa som m\u00e4nniska. Det kan komma utifr\u00e5n en \u00f6nskan att vara \u00f6ppet sexuell med andra och utan att sk\u00e4mmas f\u00f6r sin sexualitet eller kropp. Och det kan naturligtvis finnas flera orsaker.<\/span><\/p>\n<p><span style=\"color: #ffa85c; font-size: medium;\"><strong>Att dela in olika sexuella uttryck<\/strong> i onormalt, perverst, konstigt eller destruktivt f\u00f6r att n\u00e5gon har andra behov eller utryck \u00e4n man sj\u00e4lv har, \u00e4r inte empatiskt eller respektfullt. Det \u00e4r f\u00f6rd\u00f6mande. Vi har alla en sexualitet, men det finns s\u00e5 m\u00e5nga olika utryck f\u00f6r den. Det finns fantasier, vanor, m\u00f6nster, k\u00e4nslor och handlanden som vi alla kan k\u00e4nna igen oss i, men vi har ocks\u00e5 egna personliga preferenser. Och att vilja \u00e4lska ute i naturen \u00e4r faktiskt en av svenskarnas vanligaste erotiska fantasier. Och d\u00e5 \u00e4r det v\u00e4l inte s\u00e5 konstigt om n\u00e5gra g\u00f6r verklighet av sina fantasier?<\/span><\/p>\n<p><span style=\"color: #ffa85c; font-size: medium;\"><strong>Att l\u00e5ta sin sexualitet komma till uttryck<\/strong> b\u00f6r naturligtvis ske med lyh\u00f6rdhet och respekt. Att agera p\u00e5 ett s\u00e4tt som andra finner st\u00f6tande \u00e4r inte alltid s\u00e5 lyh\u00f6rt. Det finns en lag om f\u00f6rargelsev\u00e4ckande beteende och den kan f\u00f6rst\u00e5s till\u00e4mpas f\u00f6r o\u00f6nskad nakenhet. F\u00f6r att alla ska bli n\u00f6jda, skulle man ju faktiskt kunna t\u00e4nka sig s\u00e4rskilda platser och str\u00e4nder p\u00e5 vilka det \u00e4r till\u00e5tet med sex. Det finns ju nakenbadstr\u00e4nder! Om det finns tydliga skyltar som visar p\u00e5 vilka regler som finns beh\u00f6ver ingen bli chockad av att se n\u00e5got o\u00f6nskat. Men ytterst sett m\u00e5ste det v\u00e4l \u00e4nd\u00e5 vara b\u00e4st att str\u00e4va efter frihet under ansvar?<\/span><\/p>\n<p><span style=\"color: #ffa85c; font-size: medium;\"><strong>Arga naturister har ocks\u00e5 yttrat sig,<\/strong> och vill s\u00e4tta stopp f\u00f6r sexet. M\u00e5nga naturister vill inte att nakenhet sammankopplas med sex alls. En av naturismens grundtankar \u00e4r att avdramatisera nakenheten, att fysisk nakenhet inte alltid beh\u00f6ver vara sexuell. Och det utifr\u00e5n att sexualiteten \u00e4r s\u00e5 laddad som den \u00e4r i dag \u2013 symptomen m\u00e4rks av i dagens media \u2013 ramaskri n\u00e4r folk ut\u00f6var dogging, nakenchock och liknande rubriker.<\/span><\/p>\n<p><span style=\"color: #ffa85c; font-size: medium;\"><strong>Nakenheten ska f\u00e5 vara vacker som den \u00e4r. Att vara naken med andra ska upplevas som frihet och ingen ska k\u00e4nnas sig hotad. Men sexualiteten \u00e4r en del av oss hela tiden. Den p\u00e5verkar v\u00e5rt f\u00f6rh\u00e5llningss\u00e4tt till oss sj\u00e4lva och andra, hur vi m\u00e5r och hur mycket vi njuter av livet. Sexualiteten \u00e4r inget vi kan l\u00e4gga in i en l\u00e5da eller bara ha i sovrummet. Den p\u00e5verkas av allt man g\u00f6r och tv\u00e4rtom.<\/strong><\/span><\/p>\n<p><span style=\"color: #ffa85c; font-size: medium;\"><strong>Och f\u00f6rresten \u2013 varf\u00f6r \u00e4r det s\u00e5 himla farligt<\/strong> f\u00f6r barn att r\u00e5ka se sex? Jag har aldrig f\u00e5tt det f\u00f6rklarat f\u00f6r mig. Barn f\u00e5r dagligen se stora l\u00f6psedlar om r\u00e5n, misshandel, v\u00e5ldt\u00e4kter och bilder p\u00e5 br\u00e4nda kroppar och stympade ben, och v\u00e5ld i tv. Men visar man ett naket br\u00f6st s\u00e5 blir det ramaskri. Jag tror att barnen tar mer skada av sina f\u00f6r\u00e4ldrars negativa reaktioner, \u00e4n att faktiskt se ett \u00e4lskande par i verkligheten. N\u00e4r barn ramlar v\u00e4ntar de ofta p\u00e5 sin f\u00f6r\u00e4lders reaktion innan de best\u00e4mmer sig f\u00f6r att gr\u00e5ta eller skratta \u00e5t h\u00e4ndelsen. Vi l\u00e4r oss gr\u00e4nser och m\u00f6nster undermedvetet redan som barn. Fobier och r\u00e4dslor f\u00f6rs l\u00e4tt \u00f6ver fr\u00e5n f\u00f6r\u00e4ldrar till barn. Barn ser nya saker hela tiden och m\u00e5nga upplevelser beh\u00f6ver ventileras med en vuxen. Mamma kanske bryter benet, farfar d\u00f6r, en v\u00e4n f\u00e5r hj\u00e4rnskakning, dessa saker beh\u00f6ver f\u00f6rklaras. De kanske ser vuxna ha sex. Vad \u00e4r problemet?<\/span><\/p>\n<p><span style=\"color: #ffa85c; font-size: medium;\"><strong>F\u00f6rr levde m\u00e4nniskor tr\u00e5ngt<\/strong> i sm\u00e5 hus, ofta med bara ett enda rum, och n\u00e4ra djuren. Att se djuren para sig, liksom att se dr\u00e4ngen och pigan g\u00f6ka bakom knuten eller h\u00f6ra mamma och pappa i m\u00f6rkret var det naturligaste i v\u00e4rlden. Jag kan t\u00e4nka mig att m\u00e5nga barn hade mer koll p\u00e5 vad vuxna g\u00f6r d\u00e5 \u00e4n nu n\u00e4r vi lever i stora l\u00e4genheter och separata rum.<\/span><\/p>\n<p><span style=\"color: #ffa85c; font-size: medium;\"><strong>Det \u00e4r kanske \u00e4r farligare<\/strong> att aldrig f\u00e5 se vuxna \u00e4lska med varandra i verkligheten \u00e4n att f\u00e5 det. Det \u00e4r kanske b\u00e4ttre allm\u00e4nbildning att se vuxna ha sex i verkligheten \u00e4n den sexualundervisning som (inte) finns i skolan. Eller f\u00f6r den delen p\u00e5 internet. Prata med barnen. I st\u00e4llet f\u00f6r att sk\u00e4mmas och l\u00e5tsas som ingenting.<\/span><\/p>\n<p><span style=\"color: #ffa85c; font-size: medium;\"><strong>Jennie Rehbinder<\/strong><\/span><\/p>\n<p><a href=\"https:\/\/www.expressen.se\/ledare\/jennie-rehbinder-doda-inte-gladjen-i-mellbystrand\/\" target=\"_blank\" rel=\"noopener\"><strong>Artikeln f\u00f6rst publicerad i Expressen 2006-06-21 \u00bb<\/strong><\/a><\/p>\n<p><img loading=\"lazy\" decoding=\"async\" src=\"https:\/\/i0.wp.com\/naken.it\/wp-content\/uploads\/2023\/10\/dotline_584.jpg?resize=584%2C40\" alt=\"\" width=\"584\" height=\"40\" data-recalc-dims=\"1\" \/><br \/>\n<img loading=\"lazy\" decoding=\"async\" src=\"https:\/\/i0.wp.com\/naken.it\/wp-content\/uploads\/2023\/10\/naken_banner_584.jpg?resize=584%2C75\" alt=\"\" width=\"584\" height=\"75\" data-recalc-dims=\"1\" \/><\/p>\n","protected":false},"excerpt":{"rendered":"<p>Att ha sex p\u00e5 stranden \u00e4r underbart. Men f\u00f6r att ingen ska k\u00e4nna sig kr\u00e4nkt b\u00f6r det ske p\u00e5 speciella str\u00e4nder. Det skriver i dag sexpedagogen JENNIE REHBINDER med anledning av h\u00e4ndelserna i Mellbystrand. Hon anser ocks\u00e5 att de som &hellip; <a href=\"https:\/\/naken.it\/index.php\/texter\/doda-inte-gladjen-i-mellbystrand\/\">Forts\u00e4tt l\u00e4sa <span class=\"meta-nav\">&rarr;<\/span><\/a><\/p>\n","protected":false},"author":1,"featured_media":0,"parent":36,"menu_order":9,"comment_status":"closed","ping_status":"closed","template":"sidebar-page.php","meta":{"footnotes":""},"class_list":["post-957","page","type-page","status-publish","hentry"],"jetpack_sharing_enabled":true,"_links":{"self":[{"href":"https:\/\/naken.it\/index.php\/wp-json\/wp\/v2\/pages\/957","targetHints":{"allow":["GET"]}}],"collection":[{"href":"https:\/\/naken.it\/index.php\/wp-json\/wp\/v2\/pages"}],"about":[{"href":"https:\/\/naken.it\/index.php\/wp-json\/wp\/v2\/types\/page"}],"author":[{"embeddable":true,"href":"https:\/\/naken.it\/index.php\/wp-json\/wp\/v2\/users\/1"}],"replies":[{"embeddable":true,"href":"https:\/\/naken.it\/index.php\/wp-json\/wp\/v2\/comments?post=957"}],"version-history":[{"count":8,"href":"https:\/\/naken.it\/index.php\/wp-json\/wp\/v2\/pages\/957\/revisions"}],"predecessor-version":[{"id":974,"href":"https:\/\/naken.it\/index.php\/wp-json\/wp\/v2\/pages\/957\/revisions\/974"}],"up":[{"embeddable":true,"href":"https:\/\/naken.it\/index.php\/wp-json\/wp\/v2\/pages\/36"}],"wp:attachment":[{"href":"https:\/\/naken.it\/index.php\/wp-json\/wp\/v2\/media?parent=957"}],"curies":[{"name":"wp","href":"https:\/\/api.w.org\/{rel}","templated":true}]}}